{"id":1110,"date":"2021-11-12T17:45:17","date_gmt":"2021-11-12T16:45:17","guid":{"rendered":"https:\/\/dispielgeo.de\/?page_id=1110"},"modified":"2022-10-20T11:04:03","modified_gmt":"2022-10-20T09:04:03","slug":"guidelines-2","status":"publish","type":"page","link":"https:\/\/dispielgeo.de\/en\/guidelines-2\/","title":{"rendered":"Project Outcome"},"content":{"rendered":"<div data-elementor-type=\"wp-page\" data-elementor-id=\"1110\" class=\"elementor elementor-1110\">\n\t\t\t\t\t\t<section class=\"elementor-section elementor-top-section elementor-element elementor-element-0f125f7 elementor-section-boxed elementor-section-height-default elementor-section-height-default\" data-id=\"0f125f7\" data-element_type=\"section\" data-e-type=\"section\" data-settings=\"{&quot;background_background&quot;:&quot;classic&quot;}\">\n\t\t\t\t\t\t\t<div class=\"elementor-background-overlay\"><\/div>\n\t\t\t\t\t\t\t<div class=\"elementor-container elementor-column-gap-default\">\n\t\t\t\t\t<div class=\"elementor-column elementor-col-100 elementor-top-column elementor-element elementor-element-487e1ab\" data-id=\"487e1ab\" data-element_type=\"column\" data-e-type=\"column\">\n\t\t\t<div class=\"elementor-widget-wrap elementor-element-populated\">\n\t\t\t\t\t\t<section class=\"elementor-section elementor-inner-section elementor-element elementor-element-483e7ac elementor-section-boxed elementor-section-height-default elementor-section-height-default\" data-id=\"483e7ac\" data-element_type=\"section\" data-e-type=\"section\">\n\t\t\t\t\t\t<div class=\"elementor-container elementor-column-gap-default\">\n\t\t\t\t\t<div class=\"elementor-column elementor-col-100 elementor-inner-column elementor-element elementor-element-799bd8e\" data-id=\"799bd8e\" data-element_type=\"column\" data-e-type=\"column\">\n\t\t\t<div class=\"elementor-widget-wrap elementor-element-populated\">\n\t\t\t\t\t\t<div class=\"elementor-element elementor-element-53b4d62 elementor-widget elementor-widget-heading\" data-id=\"53b4d62\" data-element_type=\"widget\" data-e-type=\"widget\" data-widget_type=\"heading.default\">\n\t\t\t\t<div class=\"elementor-widget-container\">\n\t\t\t\t\t<h2 class=\"elementor-heading-title elementor-size-default\">Model for Success Conditions<\/h2>\t\t\t\t<\/div>\n\t\t\t\t<\/div>\n\t\t\t\t<div class=\"elementor-element elementor-element-1d640ee elementor-widget elementor-widget-heading\" data-id=\"1d640ee\" data-element_type=\"widget\" data-e-type=\"widget\" data-widget_type=\"heading.default\">\n\t\t\t\t<div class=\"elementor-widget-container\">\n\t\t\t\t\t<h2 class=\"elementor-heading-title elementor-size-default\">&amp;<\/h2>\t\t\t\t<\/div>\n\t\t\t\t<\/div>\n\t\t\t\t<div class=\"elementor-element elementor-element-84552c3 elementor-widget elementor-widget-heading\" data-id=\"84552c3\" data-element_type=\"widget\" data-e-type=\"widget\" data-widget_type=\"heading.default\">\n\t\t\t\t<div class=\"elementor-widget-container\">\n\t\t\t\t\t<h2 class=\"elementor-heading-title elementor-size-default\">Guidlines<\/h2>\t\t\t\t<\/div>\n\t\t\t\t<\/div>\n\t\t\t\t<div class=\"elementor-element elementor-element-478e66b elementor-widget elementor-widget-heading\" data-id=\"478e66b\" data-element_type=\"widget\" data-e-type=\"widget\" data-widget_type=\"heading.default\">\n\t\t\t\t<div class=\"elementor-widget-container\">\n\t\t\t\t\t<h3 class=\"elementor-heading-title elementor-size-default\">f\u00fcr Lehrkr\u00e4fte und Spieleentwickler*innen<\/h3>\t\t\t\t<\/div>\n\t\t\t\t<\/div>\n\t\t\t\t\t<\/div>\n\t\t<\/div>\n\t\t\t\t\t<\/div>\n\t\t<\/section>\n\t\t\t\t\t<\/div>\n\t\t<\/div>\n\t\t\t\t\t<\/div>\n\t\t<\/section>\n\t\t\t\t<section class=\"elementor-section elementor-top-section elementor-element elementor-element-5a339d0 elementor-section-boxed elementor-section-height-default elementor-section-height-default\" data-id=\"5a339d0\" data-element_type=\"section\" data-e-type=\"section\">\n\t\t\t\t\t\t<div class=\"elementor-container elementor-column-gap-default\">\n\t\t\t\t\t<div class=\"elementor-column elementor-col-100 elementor-top-column elementor-element elementor-element-bf61aed\" data-id=\"bf61aed\" data-element_type=\"column\" data-e-type=\"column\">\n\t\t\t<div class=\"elementor-widget-wrap elementor-element-populated\">\n\t\t\t\t\t\t<div class=\"elementor-element elementor-element-c49b20f elementor-widget elementor-widget-spacer\" data-id=\"c49b20f\" data-element_type=\"widget\" data-e-type=\"widget\" data-widget_type=\"spacer.default\">\n\t\t\t\t<div class=\"elementor-widget-container\">\n\t\t\t\t\t\t\t<div class=\"elementor-spacer\">\n\t\t\t<div class=\"elementor-spacer-inner\"><\/div>\n\t\t<\/div>\n\t\t\t\t\t\t<\/div>\n\t\t\t\t<\/div>\n\t\t\t\t\t<\/div>\n\t\t<\/div>\n\t\t\t\t\t<\/div>\n\t\t<\/section>\n\t\t\t\t<section class=\"elementor-section elementor-top-section elementor-element elementor-element-bca7c54 elementor-section-boxed elementor-section-height-default elementor-section-height-default\" data-id=\"bca7c54\" data-element_type=\"section\" data-e-type=\"section\">\n\t\t\t\t\t\t<div class=\"elementor-container elementor-column-gap-default\">\n\t\t\t\t\t<div class=\"elementor-column elementor-col-50 elementor-top-column elementor-element elementor-element-67518e6\" data-id=\"67518e6\" data-element_type=\"column\" data-e-type=\"column\">\n\t\t\t<div class=\"elementor-widget-wrap elementor-element-populated\">\n\t\t\t\t\t\t<div class=\"elementor-element elementor-element-0e75610 elementor-widget elementor-widget-qi_addons_for_elementor_banner\" data-id=\"0e75610\" data-element_type=\"widget\" data-e-type=\"widget\" data-widget_type=\"qi_addons_for_elementor_banner.default\">\n\t\t\t\t<div class=\"elementor-widget-container\">\n\t\t\t\t\t<div class=\"qodef-shortcode qodef-m  qodef-qi-banner qodef-layout--in-box qodef-vertical--bottom qodef-horizontal--left qodef-image--hover-zoom\">\n\t<div class=\"qodef-m-image\">\n\t<img fetchpriority=\"high\" decoding=\"async\" width=\"512\" height=\"512\" src=\"https:\/\/dispielgeo.de\/wp-content\/uploads\/2021\/11\/1995539.png\" class=\"attachment-full size-full\" alt=\"\" srcset=\"https:\/\/dispielgeo.de\/wp-content\/uploads\/2021\/11\/1995539.png 512w, https:\/\/dispielgeo.de\/wp-content\/uploads\/2021\/11\/1995539-300x300.png 300w, https:\/\/dispielgeo.de\/wp-content\/uploads\/2021\/11\/1995539-150x150.png 150w\" sizes=\"(max-width: 512px) 100vw, 512px\" \/><\/div>\n\t<div class=\"qodef-m-content\">\n\t\t<div class=\"qodef-m-content-inner\">\n\t\t\t\t\t\t\t<h3 class=\"qodef-m-title\">\n\t\tFor Teachers\t<\/h3>\n\t\t\t\t<p class=\"qodef-m-text\">\n\t\tModel for Success Condition and Guidelines for teachers on the use of digital games in geography classes.\t<\/p>\n\t\t\t\t\t<\/div>\n\t<\/div>\n\t<\/div>\n\t\t\t\t<\/div>\n\t\t\t\t<\/div>\n\t\t\t\t<div class=\"elementor-element elementor-element-16337ea elementor-align-center elementor-widget elementor-widget-button\" data-id=\"16337ea\" data-element_type=\"widget\" data-e-type=\"widget\" data-widget_type=\"button.default\">\n\t\t\t\t<div class=\"elementor-widget-container\">\n\t\t\t\t\t\t\t\t\t<div class=\"elementor-button-wrapper\">\n\t\t\t\t\t<a class=\"elementor-button elementor-button-link elementor-size-sm\" href=\"https:\/\/dispielgeo.de\/en\/modelclassroom\/\">\n\t\t\t\t\t\t<span class=\"elementor-button-content-wrapper\">\n\t\t\t\t\t\t\t\t\t<span class=\"elementor-button-text\">Model for Success Conditions<\/span>\n\t\t\t\t\t<\/span>\n\t\t\t\t\t<\/a>\n\t\t\t\t<\/div>\n\t\t\t\t\t\t\t\t<\/div>\n\t\t\t\t<\/div>\n\t\t\t\t<div class=\"elementor-element elementor-element-4132a88 elementor-align-center elementor-widget elementor-widget-button\" data-id=\"4132a88\" data-element_type=\"widget\" data-e-type=\"widget\" data-widget_type=\"button.default\">\n\t\t\t\t<div class=\"elementor-widget-container\">\n\t\t\t\t\t\t\t\t\t<div class=\"elementor-button-wrapper\">\n\t\t\t\t\t<a class=\"elementor-button elementor-button-link elementor-size-sm\" href=\"https:\/\/dispielgeo.de\/en\/guidelinesforteachers\/\">\n\t\t\t\t\t\t<span class=\"elementor-button-content-wrapper\">\n\t\t\t\t\t\t\t\t\t<span class=\"elementor-button-text\">Guidelines for Teaching<\/span>\n\t\t\t\t\t<\/span>\n\t\t\t\t\t<\/a>\n\t\t\t\t<\/div>\n\t\t\t\t\t\t\t\t<\/div>\n\t\t\t\t<\/div>\n\t\t\t\t\t<\/div>\n\t\t<\/div>\n\t\t\t\t<div class=\"elementor-column elementor-col-50 elementor-top-column elementor-element elementor-element-e483a27\" data-id=\"e483a27\" data-element_type=\"column\" data-e-type=\"column\">\n\t\t\t<div class=\"elementor-widget-wrap elementor-element-populated\">\n\t\t\t\t\t\t<div class=\"elementor-element elementor-element-f59ad53 elementor-widget elementor-widget-qi_addons_for_elementor_banner\" data-id=\"f59ad53\" data-element_type=\"widget\" data-e-type=\"widget\" data-widget_type=\"qi_addons_for_elementor_banner.default\">\n\t\t\t\t<div class=\"elementor-widget-container\">\n\t\t\t\t\t<div class=\"qodef-shortcode qodef-m  qodef-qi-banner qodef-layout--in-box qodef-vertical--bottom qodef-horizontal--left qodef-image--hover-zoom\">\n\t<div class=\"qodef-m-image\">\n\t<img decoding=\"async\" width=\"512\" height=\"512\" src=\"https:\/\/dispielgeo.de\/wp-content\/uploads\/2021\/11\/game-developer.png\" class=\"attachment-full size-full\" alt=\"\" srcset=\"https:\/\/dispielgeo.de\/wp-content\/uploads\/2021\/11\/game-developer.png 512w, https:\/\/dispielgeo.de\/wp-content\/uploads\/2021\/11\/game-developer-300x300.png 300w, https:\/\/dispielgeo.de\/wp-content\/uploads\/2021\/11\/game-developer-150x150.png 150w\" sizes=\"(max-width: 512px) 100vw, 512px\" \/><\/div>\n\t<div class=\"qodef-m-content\">\n\t\t<div class=\"qodef-m-content-inner\">\n\t\t\t\t\t\t\t<h3 class=\"qodef-m-title\">\n\t\tFor Game Designers\t<\/h3>\n\t\t\t\t<p class=\"qodef-m-text\">\n\t\tModel for Success Condition and Guidelines for the design of (educational) digital games on complex societal issues.\t<\/p>\n\t\t\t\t\t<\/div>\n\t<\/div>\n\t<\/div>\n\t\t\t\t<\/div>\n\t\t\t\t<\/div>\n\t\t\t\t<div class=\"elementor-element elementor-element-55c6614 elementor-align-center elementor-widget elementor-widget-button\" data-id=\"55c6614\" data-element_type=\"widget\" data-e-type=\"widget\" data-widget_type=\"button.default\">\n\t\t\t\t<div class=\"elementor-widget-container\">\n\t\t\t\t\t\t\t\t\t<div class=\"elementor-button-wrapper\">\n\t\t\t\t\t<a class=\"elementor-button elementor-button-link elementor-size-sm\" href=\"https:\/\/dispielgeo.de\/en\/modelgamedesigner\/\">\n\t\t\t\t\t\t<span class=\"elementor-button-content-wrapper\">\n\t\t\t\t\t\t\t\t\t<span class=\"elementor-button-text\">Model for Success Conditions<\/span>\n\t\t\t\t\t<\/span>\n\t\t\t\t\t<\/a>\n\t\t\t\t<\/div>\n\t\t\t\t\t\t\t\t<\/div>\n\t\t\t\t<\/div>\n\t\t\t\t<div class=\"elementor-element elementor-element-8df6c11 elementor-align-center elementor-widget elementor-widget-button\" data-id=\"8df6c11\" data-element_type=\"widget\" data-e-type=\"widget\" data-widget_type=\"button.default\">\n\t\t\t\t<div class=\"elementor-widget-container\">\n\t\t\t\t\t\t\t\t\t<div class=\"elementor-button-wrapper\">\n\t\t\t\t\t<a class=\"elementor-button elementor-button-link elementor-size-sm\" href=\"https:\/\/dispielgeo.de\/en\/guidelinesforgamedesigners\/\">\n\t\t\t\t\t\t<span class=\"elementor-button-content-wrapper\">\n\t\t\t\t\t\t\t\t\t<span class=\"elementor-button-text\">Guidelines for Design<\/span>\n\t\t\t\t\t<\/span>\n\t\t\t\t\t<\/a>\n\t\t\t\t<\/div>\n\t\t\t\t\t\t\t\t<\/div>\n\t\t\t\t<\/div>\n\t\t\t\t\t<\/div>\n\t\t<\/div>\n\t\t\t\t\t<\/div>\n\t\t<\/section>\n\t\t\t\t<section class=\"elementor-section elementor-top-section elementor-element elementor-element-0bfd672 elementor-section-boxed elementor-section-height-default elementor-section-height-default\" data-id=\"0bfd672\" data-element_type=\"section\" data-e-type=\"section\">\n\t\t\t\t\t\t<div class=\"elementor-container elementor-column-gap-default\">\n\t\t\t\t\t<div class=\"elementor-column elementor-col-100 elementor-top-column elementor-element elementor-element-4526aa5\" data-id=\"4526aa5\" data-element_type=\"column\" data-e-type=\"column\">\n\t\t\t<div class=\"elementor-widget-wrap elementor-element-populated\">\n\t\t\t\t\t\t<div class=\"elementor-element elementor-element-4db4e20 elementor-widget elementor-widget-html\" data-id=\"4db4e20\" data-element_type=\"widget\" data-e-type=\"widget\" data-widget_type=\"html.default\">\n\t\t\t\t<div class=\"elementor-widget-container\">\n\t\t\t\t\t<div>Icons made by <a href=\"https:\/\/www.flaticon.com\/authors\/monkik\" title=\"monkik\">monkik<\/a> and <a href=\"https:\/\/www.flaticon.com\/authors\/flat-icons\" title=\"Flat Icons\">Flat Icons<\/a> from <a href=\"https:\/\/www.flaticon.com\/\" title=\"Flaticon\">www.flaticon.com<\/a><\/div>\n\t\t\t\t<\/div>\n\t\t\t\t<\/div>\n\t\t\t\t\t<\/div>\n\t\t<\/div>\n\t\t\t\t\t<\/div>\n\t\t<\/section>\n\t\t\t\t<\/div>","protected":false},"excerpt":{"rendered":"<p>Modell f\u00fcr Erfolgsbedingungen &amp; Leitlinien f\u00fcr Lehrkr\u00e4fte und Spieleentwickler*innen F\u00fcr LehrerInnen Erfolgsmodell Bedingungen und Leitlinien f\u00fcr Lehrkr\u00e4fte f\u00fcr den Einsatz digitaler Spiele im Geografieunterricht. Modell f\u00fcr Erfolgsbedingungen Leitlinien f\u00fcr den Unterricht F\u00fcr Game DesignerInnen Modell f\u00fcr Erfolgsbedingungen und Leitlinien f\u00fcr die Gestaltung von (p\u00e4dagogischen) digitalen Spielen zu komplexen gesellschaftlichen Themen. Modell f\u00fcr Erfolgsbedingungen Leitlinien f\u00fcr&hellip;&nbsp;<a href=\"https:\/\/dispielgeo.de\/en\/guidelines-2\/\" class=\"\" rel=\"bookmark\">Read More &raquo;<span class=\"screen-reader-text\">Project Outcome<\/span><\/a><\/p>","protected":false},"author":1,"featured_media":0,"parent":0,"menu_order":0,"comment_status":"closed","ping_status":"closed","template":"elementor_header_footer","meta":{"_themeisle_gutenberg_block_has_review":false,"footnotes":""},"class_list":["post-1110","page","type-page","status-publish","hentry"],"_links":{"self":[{"href":"https:\/\/dispielgeo.de\/en\/wp-json\/wp\/v2\/pages\/1110","targetHints":{"allow":["GET"]}}],"collection":[{"href":"https:\/\/dispielgeo.de\/en\/wp-json\/wp\/v2\/pages"}],"about":[{"href":"https:\/\/dispielgeo.de\/en\/wp-json\/wp\/v2\/types\/page"}],"author":[{"embeddable":true,"href":"https:\/\/dispielgeo.de\/en\/wp-json\/wp\/v2\/users\/1"}],"replies":[{"embeddable":true,"href":"https:\/\/dispielgeo.de\/en\/wp-json\/wp\/v2\/comments?post=1110"}],"version-history":[{"count":10,"href":"https:\/\/dispielgeo.de\/en\/wp-json\/wp\/v2\/pages\/1110\/revisions"}],"predecessor-version":[{"id":1692,"href":"https:\/\/dispielgeo.de\/en\/wp-json\/wp\/v2\/pages\/1110\/revisions\/1692"}],"wp:attachment":[{"href":"https:\/\/dispielgeo.de\/en\/wp-json\/wp\/v2\/media?parent=1110"}],"curies":[{"name":"wp","href":"https:\/\/api.w.org\/{rel}","templated":true}]}}