{"id":1872,"date":"2024-09-02T13:50:44","date_gmt":"2024-09-02T11:50:44","guid":{"rendered":"https:\/\/dispielgeo.de\/?page_id=1872"},"modified":"2025-04-19T18:17:20","modified_gmt":"2025-04-19T16:17:20","slug":"datenschutz","status":"publish","type":"page","link":"https:\/\/dispielgeo.de\/en\/masdigu\/datenschutz\/","title":{"rendered":""},"content":{"rendered":"<div data-elementor-type=\"wp-page\" data-elementor-id=\"1872\" class=\"elementor elementor-1872\">\n\t\t\t\t\t\t<section class=\"elementor-section elementor-top-section elementor-element elementor-element-73609d39 elementor-section-boxed elementor-section-height-default elementor-section-height-default\" data-id=\"73609d39\" data-element_type=\"section\" data-e-type=\"section\">\n\t\t\t\t\t\t<div class=\"elementor-container elementor-column-gap-default\">\n\t\t\t\t\t<div class=\"elementor-column elementor-col-100 elementor-top-column elementor-element elementor-element-34004a8d\" data-id=\"34004a8d\" data-element_type=\"column\" data-e-type=\"column\">\n\t\t\t<div class=\"elementor-widget-wrap elementor-element-populated\">\n\t\t\t\t\t\t<div class=\"elementor-element elementor-element-1a6141f4 elementor-widget elementor-widget-text-editor\" data-id=\"1a6141f4\" data-element_type=\"widget\" data-e-type=\"widget\" data-widget_type=\"text-editor.default\">\n\t\t\t\t<div class=\"elementor-widget-container\">\n\t\t\t\t\t\t\t\t\t\n<div id=\"wp-block-themeisle-blocks-advanced-columns-daaf0757\" class=\"wp-block-themeisle-blocks-advanced-columns has-0-columns has-desktop-undefined-layout has-tablet-equal-layout has-mobile-equal-layout has-vertical-unset\"><div class=\"wp-block-themeisle-blocks-advanced-columns-overlay\"><\/div><div class=\"innerblocks-wrap\"><\/div><\/div>\n\t\t\t\t\t\t\t\t<\/div>\n\t\t\t\t<\/div>\n\t\t\t\t\t<\/div>\n\t\t<\/div>\n\t\t\t\t\t<\/div>\n\t\t<\/section>\n\t\t\t\t<section class=\"elementor-section elementor-top-section elementor-element elementor-element-e061019 elementor-section-boxed elementor-section-height-default elementor-section-height-default\" data-id=\"e061019\" data-element_type=\"section\" data-e-type=\"section\">\n\t\t\t\t\t\t<div class=\"elementor-container elementor-column-gap-default\">\n\t\t\t\t\t<div class=\"elementor-column elementor-col-100 elementor-top-column elementor-element elementor-element-684a9a7\" data-id=\"684a9a7\" data-element_type=\"column\" data-e-type=\"column\">\n\t\t\t<div class=\"elementor-widget-wrap elementor-element-populated\">\n\t\t\t\t\t\t<div class=\"elementor-element elementor-element-3ab1db1 elementor-widget elementor-widget-text-editor\" data-id=\"3ab1db1\" data-element_type=\"widget\" data-e-type=\"widget\" data-widget_type=\"text-editor.default\">\n\t\t\t\t<div class=\"elementor-widget-container\">\n\t\t\t\t\t\t\t\t\t<p><span style=\"font-weight: 400;\">F\u00fcr die mobile Anwendung \u201eEco-Kick\u201c, gelten die folgenden Datenschutzbestimmungen. Mit der Nutzung der Anwendung stimmen Sie den Datenschutzbestimmungen zu.<\/span><\/p>\n<p><span style=\"font-weight: 400;\">Beim Herunterladen \u00fcber den Apple App Store gelten die Nutzungsbedingungen von Apple.<\/span><\/p>\n<p>Beim Herunterladen \u00fcber den Google Play Store gelten die Nutzungsbedingungen von Google.<\/p>\n<p><span style=\"font-weight: 400;\">Die Entwickler (Cologne Game Lab) von \u201eEco-Kick\u201c \u00fcbermitteln keine Daten an Google oder Apple.<\/span><\/p>\n<p><b>Wissenschaftliche Erhebungen<\/b><span style=\"font-weight: 400;\">\u00a0<\/span><\/p>\n<p><span style=\"font-weight: 400;\">Die Anwendung \u201eEco-Kick\u201c wird von der Universit\u00e4t zu K\u00f6ln, wie auch vom Cologne Game Lab f\u00fcr wissenschaftliche Erhebungen zur Nutzung von Spielen im Schulunterricht im Rahmen des Projektes \u201eMasdigu\u201c genutzt. Es werden softwareseitig keinerlei Daten erfasst oder versendet.\u00a0<\/span><\/p>\n<p><span style=\"font-weight: 400;\">Sollten sie im Rahmen etwaiger Studien an Schulen teilnehmen, werden dort separate Datenschutzerkl\u00e4rungen h\u00e4ndisch \u00fcbermittelt und sie \u00fcber erfasste Beobachtungen im Zusammenhang mit dem durch das Spiel katalysierten, zu schreibenden Aufsatz in Kenntnis gesetzt.<\/span><\/p>\n<p><span style=\"font-weight: 400;\">Es werden keine Daten jemals kommerziell genutzt.<\/span><\/p>\n<p><b>Erhebung personenbezogener Daten<\/b><\/p>\n<p><span style=\"font-weight: 400;\">Es werden von den Entwicklern von \u201eEco-Kick\u201c keine sonstigen personenbezogenen Daten erfasst.<\/span><\/p>\n<p><span style=\"font-weight: 400;\">Bei weiteren Fragen wenden sie sich bitte an den Datenschutzbeauftragten\u00a0<\/span><\/p>\n<p><span style=\"font-weight: 400;\">Dr. Andr\u00e9 Czauderna unter :<\/span> cgltestenvironment@gmail.com<\/p>\t\t\t\t\t\t\t\t<\/div>\n\t\t\t\t<\/div>\n\t\t\t\t\t<\/div>\n\t\t<\/div>\n\t\t\t\t\t<\/div>\n\t\t<\/section>\n\t\t\t\t<\/div>","protected":false},"excerpt":{"rendered":"<p>F\u00fcr die mobile Anwendung \u201eEco-Kick\u201c, gelten die folgenden Datenschutzbestimmungen. Mit der Nutzung der Anwendung stimmen Sie den Datenschutzbestimmungen zu. Beim Herunterladen \u00fcber den Apple App Store gelten die Nutzungsbedingungen von Apple. Beim Herunterladen \u00fcber den Google Play Store gelten die Nutzungsbedingungen von Google. Die Entwickler (Cologne Game Lab) von \u201eEco-Kick\u201c \u00fcbermitteln keine Daten an Google&hellip;&nbsp;<a href=\"https:\/\/dispielgeo.de\/en\/masdigu\/datenschutz\/\" class=\"\" rel=\"bookmark\">Read More &raquo;<span class=\"screen-reader-text\"><\/span><\/a><\/p>","protected":false},"author":1,"featured_media":0,"parent":1449,"menu_order":0,"comment_status":"closed","ping_status":"closed","template":"","meta":{"_themeisle_gutenberg_block_has_review":false,"footnotes":""},"class_list":["post-1872","page","type-page","status-publish","hentry"],"_links":{"self":[{"href":"https:\/\/dispielgeo.de\/en\/wp-json\/wp\/v2\/pages\/1872","targetHints":{"allow":["GET"]}}],"collection":[{"href":"https:\/\/dispielgeo.de\/en\/wp-json\/wp\/v2\/pages"}],"about":[{"href":"https:\/\/dispielgeo.de\/en\/wp-json\/wp\/v2\/types\/page"}],"author":[{"embeddable":true,"href":"https:\/\/dispielgeo.de\/en\/wp-json\/wp\/v2\/users\/1"}],"replies":[{"embeddable":true,"href":"https:\/\/dispielgeo.de\/en\/wp-json\/wp\/v2\/comments?post=1872"}],"version-history":[{"count":10,"href":"https:\/\/dispielgeo.de\/en\/wp-json\/wp\/v2\/pages\/1872\/revisions"}],"predecessor-version":[{"id":2026,"href":"https:\/\/dispielgeo.de\/en\/wp-json\/wp\/v2\/pages\/1872\/revisions\/2026"}],"up":[{"embeddable":true,"href":"https:\/\/dispielgeo.de\/en\/wp-json\/wp\/v2\/pages\/1449"}],"wp:attachment":[{"href":"https:\/\/dispielgeo.de\/en\/wp-json\/wp\/v2\/media?parent=1872"}],"curies":[{"name":"wp","href":"https:\/\/api.w.org\/{rel}","templated":true}]}}